{"id":30285,"date":"2016-10-30T14:07:11","date_gmt":"2016-10-30T13:07:11","guid":{"rendered":"https:\/\/lebonneentente.com\/produit\/defiez-la-tempete\/"},"modified":"2024-06-11T14:02:31","modified_gmt":"2024-06-11T18:02:31","slug":"brave-la-tempete","status":"publish","type":"product","link":"https:\/\/lebonneentente.com\/en\/produit\/brave-la-tempete\/","title":{"rendered":"Brave La Temp\u00eate"},"content":{"rendered":"","protected":false},"excerpt":{"rendered":"<p>Enjoy the renowned La Temp\u00eate golf course, a challenge for everyone. Click here for more\u00a0information about this<a href=\"https:\/\/lebonneentente.com\/en\/the-be-experience\/brave-la-tempete\/\">\u00a0international calibre course<\/a>.<\/p>\n<p>The package, in double occupancy, includes:<\/p>\n<ul>\n<li>One night\u2019s accommodation in an Urbania Loft room or Urbania Suite<\/li>\n<li>Laurent-Perrier champagne at arrival<\/li>\n<li>5 @ 7 with drinks and canapes<\/li>\n<li>Sweet treats and Laurent-Perrier champagne in the evening<\/li>\n<li>The breakfast<\/li>\n<li>Access to the gardens, seasonal swimming pool, outdoor jacuzzi, indoor lounges and gym<\/li>\n<li>A $25 credit to the MC signed Golf<\/li>\n<li>A round of golf, including cart<\/li>\n<li>Access to the practice area<\/li>\n<li>Tips and other charges<\/li>\n<\/ul>\n<p>Starting from $ 804 + taxes<\/p>\n","protected":false},"featured_media":30286,"comment_status":"closed","ping_status":"closed","template":"","meta":{"_acf_changed":false},"product_brand":[],"product_cat":[58],"product_tag":[],"class_list":{"0":"post-30285","1":"product","2":"type-product","3":"status-publish","4":"has-post-thumbnail","6":"product_cat-francais-2-en","7":"pa_type-de-chambre-sens-en","8":"pa_type-de-chambre-standard-en","9":"pa_type-de-chambre-urbania-loft","10":"pa_type-de-chambre-urbania-suite","12":"first","13":"instock","14":"taxable","15":"shipping-taxable","16":"purchasable","17":"product-type-variable"},"acf":[],"yoast_head":"<!-- This site is optimized with the Yoast SEO plugin v27.4 - https:\/\/yoast.com\/product\/yoast-seo-wordpress\/ -->\n<title>Brave La Temp\u00eate - H\u00f4tel Le Bonne Entente<\/title>\n<meta name=\"robots\" content=\"index, follow, max-snippet:-1, max-image-preview:large, max-video-preview:-1\" \/>\n<link rel=\"canonical\" href=\"https:\/\/lebonneentente.com\/en\/produit\/brave-la-tempete\/\" \/>\n<meta property=\"og:locale\" content=\"en_US\" \/>\n<meta property=\"og:type\" content=\"article\" \/>\n<meta property=\"og:title\" content=\"Brave La Temp\u00eate - H\u00f4tel Le Bonne Entente\" \/>\n<meta property=\"og:description\" content=\"Enjoy the renowned La Temp\u00eate golf course, a challenge for everyone. Click here for more\u00a0information about this\u00a0international calibre course.  The package, in double occupancy, includes:   One night\u2019s accommodation in an Urbania Loft room or Urbania Suite  Laurent-Perrier champagne at arrival  5 @ 7 with drinks and canapes  Sweet treats and Laurent-Perrier champagne in the evening  The breakfast  Access to the gardens, seasonal swimming pool, outdoor jacuzzi, indoor lounges and gym  A $25 credit to the MC signed Golf  A round of golf, including cart  Access to the practice area  Tips and other charges  Starting from $ 804 + taxes\" \/>\n<meta property=\"og:url\" content=\"https:\/\/lebonneentente.com\/en\/produit\/brave-la-tempete\/\" \/>\n<meta property=\"og:site_name\" content=\"H\u00f4tel Le Bonne Entente\" \/>\n<meta property=\"article:publisher\" content=\"https:\/\/www.facebook.com\/EntourageResort\/\" \/>\n<meta property=\"article:modified_time\" content=\"2024-06-11T18:02:31+00:00\" \/>\n<meta property=\"og:image\" content=\"https:\/\/lebonneentente.com\/wp-content\/uploads\/2020\/12\/golf_tempete-360x240px.jpg\" \/>\n\t<meta property=\"og:image:width\" content=\"360\" \/>\n\t<meta property=\"og:image:height\" content=\"240\" \/>\n\t<meta property=\"og:image:type\" content=\"image\/jpeg\" \/>\n<meta name=\"twitter:card\" content=\"summary_large_image\" \/>\n<meta name=\"twitter:label1\" content=\"Est. reading time\" \/>\n\t<meta name=\"twitter:data1\" content=\"1 minute\" \/>\n<script type=\"application\/ld+json\" class=\"yoast-schema-graph\">{\"@context\":\"https:\\\/\\\/schema.org\",\"@graph\":[{\"@type\":\"WebPage\",\"@id\":\"https:\\\/\\\/lebonneentente.com\\\/en\\\/produit\\\/brave-la-tempete\\\/\",\"url\":\"https:\\\/\\\/lebonneentente.com\\\/en\\\/produit\\\/brave-la-tempete\\\/\",\"name\":\"Brave La Temp\u00eate - H\u00f4tel Le Bonne Entente\",\"isPartOf\":{\"@id\":\"https:\\\/\\\/lebonneentente.com\\\/en\\\/#website\"},\"primaryImageOfPage\":{\"@id\":\"https:\\\/\\\/lebonneentente.com\\\/en\\\/produit\\\/brave-la-tempete\\\/#primaryimage\"},\"image\":{\"@id\":\"https:\\\/\\\/lebonneentente.com\\\/en\\\/produit\\\/brave-la-tempete\\\/#primaryimage\"},\"thumbnailUrl\":\"https:\\\/\\\/lebonneentente.com\\\/wp-content\\\/uploads\\\/2020\\\/12\\\/golf_tempete-360x240px.jpg\",\"datePublished\":\"2016-10-30T13:07:11+00:00\",\"dateModified\":\"2024-06-11T18:02:31+00:00\",\"breadcrumb\":{\"@id\":\"https:\\\/\\\/lebonneentente.com\\\/en\\\/produit\\\/brave-la-tempete\\\/#breadcrumb\"},\"inLanguage\":\"en-US\",\"potentialAction\":[{\"@type\":\"ReadAction\",\"target\":[\"https:\\\/\\\/lebonneentente.com\\\/en\\\/produit\\\/brave-la-tempete\\\/\"]}]},{\"@type\":\"ImageObject\",\"inLanguage\":\"en-US\",\"@id\":\"https:\\\/\\\/lebonneentente.com\\\/en\\\/produit\\\/brave-la-tempete\\\/#primaryimage\",\"url\":\"https:\\\/\\\/lebonneentente.com\\\/wp-content\\\/uploads\\\/2020\\\/12\\\/golf_tempete-360x240px.jpg\",\"contentUrl\":\"https:\\\/\\\/lebonneentente.com\\\/wp-content\\\/uploads\\\/2020\\\/12\\\/golf_tempete-360x240px.jpg\",\"width\":360,\"height\":240},{\"@type\":\"BreadcrumbList\",\"@id\":\"https:\\\/\\\/lebonneentente.com\\\/en\\\/produit\\\/brave-la-tempete\\\/#breadcrumb\",\"itemListElement\":[{\"@type\":\"ListItem\",\"position\":1,\"name\":\"Home\",\"item\":\"https:\\\/\\\/lebonneentente.com\\\/en\\\/\"},{\"@type\":\"ListItem\",\"position\":2,\"name\":\"Shop\",\"item\":\"https:\\\/\\\/lebonneentente.com\\\/en\\\/shop-2\\\/\"},{\"@type\":\"ListItem\",\"position\":3,\"name\":\"Brave La Temp\u00eate\"}]},{\"@type\":\"WebSite\",\"@id\":\"https:\\\/\\\/lebonneentente.com\\\/en\\\/#website\",\"url\":\"https:\\\/\\\/lebonneentente.com\\\/en\\\/\",\"name\":\"H\u00f4tel Le Bonne Entente\",\"description\":\"Un site utilisant WordPress\",\"potentialAction\":[{\"@type\":\"SearchAction\",\"target\":{\"@type\":\"EntryPoint\",\"urlTemplate\":\"https:\\\/\\\/lebonneentente.com\\\/en\\\/?s={search_term_string}\"},\"query-input\":{\"@type\":\"PropertyValueSpecification\",\"valueRequired\":true,\"valueName\":\"search_term_string\"}}],\"inLanguage\":\"en-US\"}]}<\/script>\n<!-- \/ Yoast SEO plugin. -->","yoast_head_json":{"title":"Brave La Temp\u00eate - H\u00f4tel Le Bonne Entente","robots":{"index":"index","follow":"follow","max-snippet":"max-snippet:-1","max-image-preview":"max-image-preview:large","max-video-preview":"max-video-preview:-1"},"canonical":"https:\/\/lebonneentente.com\/en\/produit\/brave-la-tempete\/","og_locale":"en_US","og_type":"article","og_title":"Brave La Temp\u00eate - H\u00f4tel Le Bonne Entente","og_description":"Enjoy the renowned La Temp\u00eate golf course, a challenge for everyone. Click here for more\u00a0information about this\u00a0international calibre course.  The package, in double occupancy, includes:   One night\u2019s accommodation in an Urbania Loft room or Urbania Suite  Laurent-Perrier champagne at arrival  5 @ 7 with drinks and canapes  Sweet treats and Laurent-Perrier champagne in the evening  The breakfast  Access to the gardens, seasonal swimming pool, outdoor jacuzzi, indoor lounges and gym  A $25 credit to the MC signed Golf  A round of golf, including cart  Access to the practice area  Tips and other charges  Starting from $ 804 + taxes","og_url":"https:\/\/lebonneentente.com\/en\/produit\/brave-la-tempete\/","og_site_name":"H\u00f4tel Le Bonne Entente","article_publisher":"https:\/\/www.facebook.com\/EntourageResort\/","article_modified_time":"2024-06-11T18:02:31+00:00","og_image":[{"width":360,"height":240,"url":"https:\/\/lebonneentente.com\/wp-content\/uploads\/2020\/12\/golf_tempete-360x240px.jpg","type":"image\/jpeg"}],"twitter_card":"summary_large_image","twitter_misc":{"Est. reading time":"1 minute"},"schema":{"@context":"https:\/\/schema.org","@graph":[{"@type":"WebPage","@id":"https:\/\/lebonneentente.com\/en\/produit\/brave-la-tempete\/","url":"https:\/\/lebonneentente.com\/en\/produit\/brave-la-tempete\/","name":"Brave La Temp\u00eate - H\u00f4tel Le Bonne Entente","isPartOf":{"@id":"https:\/\/lebonneentente.com\/en\/#website"},"primaryImageOfPage":{"@id":"https:\/\/lebonneentente.com\/en\/produit\/brave-la-tempete\/#primaryimage"},"image":{"@id":"https:\/\/lebonneentente.com\/en\/produit\/brave-la-tempete\/#primaryimage"},"thumbnailUrl":"https:\/\/lebonneentente.com\/wp-content\/uploads\/2020\/12\/golf_tempete-360x240px.jpg","datePublished":"2016-10-30T13:07:11+00:00","dateModified":"2024-06-11T18:02:31+00:00","breadcrumb":{"@id":"https:\/\/lebonneentente.com\/en\/produit\/brave-la-tempete\/#breadcrumb"},"inLanguage":"en-US","potentialAction":[{"@type":"ReadAction","target":["https:\/\/lebonneentente.com\/en\/produit\/brave-la-tempete\/"]}]},{"@type":"ImageObject","inLanguage":"en-US","@id":"https:\/\/lebonneentente.com\/en\/produit\/brave-la-tempete\/#primaryimage","url":"https:\/\/lebonneentente.com\/wp-content\/uploads\/2020\/12\/golf_tempete-360x240px.jpg","contentUrl":"https:\/\/lebonneentente.com\/wp-content\/uploads\/2020\/12\/golf_tempete-360x240px.jpg","width":360,"height":240},{"@type":"BreadcrumbList","@id":"https:\/\/lebonneentente.com\/en\/produit\/brave-la-tempete\/#breadcrumb","itemListElement":[{"@type":"ListItem","position":1,"name":"Home","item":"https:\/\/lebonneentente.com\/en\/"},{"@type":"ListItem","position":2,"name":"Shop","item":"https:\/\/lebonneentente.com\/en\/shop-2\/"},{"@type":"ListItem","position":3,"name":"Brave La Temp\u00eate"}]},{"@type":"WebSite","@id":"https:\/\/lebonneentente.com\/en\/#website","url":"https:\/\/lebonneentente.com\/en\/","name":"H\u00f4tel Le Bonne Entente","description":"Un site utilisant WordPress","potentialAction":[{"@type":"SearchAction","target":{"@type":"EntryPoint","urlTemplate":"https:\/\/lebonneentente.com\/en\/?s={search_term_string}"},"query-input":{"@type":"PropertyValueSpecification","valueRequired":true,"valueName":"search_term_string"}}],"inLanguage":"en-US"}]}},"_links":{"self":[{"href":"https:\/\/lebonneentente.com\/en\/wp-json\/wp\/v2\/product\/30285","targetHints":{"allow":["GET"]}}],"collection":[{"href":"https:\/\/lebonneentente.com\/en\/wp-json\/wp\/v2\/product"}],"about":[{"href":"https:\/\/lebonneentente.com\/en\/wp-json\/wp\/v2\/types\/product"}],"replies":[{"embeddable":true,"href":"https:\/\/lebonneentente.com\/en\/wp-json\/wp\/v2\/comments?post=30285"}],"wp:featuredmedia":[{"embeddable":true,"href":"https:\/\/lebonneentente.com\/en\/wp-json\/wp\/v2\/media\/30286"}],"wp:attachment":[{"href":"https:\/\/lebonneentente.com\/en\/wp-json\/wp\/v2\/media?parent=30285"}],"wp:term":[{"taxonomy":"product_brand","embeddable":true,"href":"https:\/\/lebonneentente.com\/en\/wp-json\/wp\/v2\/product_brand?post=30285"},{"taxonomy":"product_cat","embeddable":true,"href":"https:\/\/lebonneentente.com\/en\/wp-json\/wp\/v2\/product_cat?post=30285"},{"taxonomy":"product_tag","embeddable":true,"href":"https:\/\/lebonneentente.com\/en\/wp-json\/wp\/v2\/product_tag?post=30285"}],"curies":[{"name":"wp","href":"https:\/\/api.w.org\/{rel}","templated":true}]}}